{"id":1071,"date":"2023-07-19T15:15:27","date_gmt":"2023-07-19T13:15:27","guid":{"rendered":"https:\/\/protein.bbdigital.ca\/?post_type=product&#038;p=1071"},"modified":"2023-08-06T13:43:35","modified_gmt":"2023-08-06T11:43:35","slug":"premium-100-whey-protein-plus-muscletech","status":"publish","type":"product","link":"https:\/\/protein.bbdigital.ca\/ar\/product\/premium-100-whey-protein-plus-muscletech\/","title":{"rendered":"PREMIUM 100% WHEY PROTEIN PLUS MUSCLETECH"},"content":{"rendered":"<div class=\"row section\">\n<div class=\"col-sm-5\">\n<p>FORMULE AM\u00c9LIOR\u00c9E DE PROT\u00c9INE DE LACTALBUMINE<\/p>\n<h2>MUSCLETECH\u00a0<sup>\u00ae<\/sup>\u00a0PREMIUM 100% WHEY PROTEIN PLUS<\/h2>\n<p>MuscleTech\u00a0<sup>\u00ae<\/sup>\u00a0Premium 100% Whey Protein Plus contient des prot\u00e9ines de lactos\u00e9rum et de la cr\u00e9atine de haute qualit\u00e9 qui aident \u00e0 favoriser la r\u00e9cup\u00e9ration et la croissance musculaire .<\/p>\n<p>MuscleTech Premium 100% Whey Protein Plus est une prot\u00e9ine de lactos\u00e9rum \u00e0 absorption rapide et facile \u00e0 dig\u00e9rer, qui poss\u00e8de l\u2019une des valeurs biologiques (BV) les plus test\u00e9es parmi toutes les sources de prot\u00e9ines.\u00a0La BV est une valeur attribu\u00e9e aux sources de prot\u00e9ines pour mesurer la mani\u00e8re dont elles sont absorb\u00e9es et utilis\u00e9es par le corps.<\/p>\n<h3>QUI DEVRAIT L\u2019UTILISER<\/h3>\n<p>MuscleTech\u00a0<sup>\u00ae<\/sup>\u00a0Premium 100% Whey Protein Plus est id\u00e9al pour les amateurs de fitness, hommes et femmes.\u00a0Il peut \u00e9galement \u00eatre utilis\u00e9 par les athl\u00e8tes de haut niveau, les dynamophiles, les crossfitters, les bodybuilders, les athl\u00e8tes en endurance et pour tous ceux qui souhaitent augmenter leur apport en prot\u00e9ines, se muscler et se renforcer.<\/p>\n<\/div>\n<\/div>\n<div class=\"row section directions\">\n<div class=\"col-sm-4\">\n<h3>CONSEIL D\u2019UTILISATION:<\/h3>\n<p>M\u00e9langer 1 \u00e0 2 portions (1 \u00e0 2 cuill\u00e8res \u00e0 soupe) avec 6 \u00e0 12 oz.\u00a0d\u2019eau froide ou de lait \u00e9cr\u00e9m\u00e9 dans un verre ou un shaker<\/p>\n<\/div>\n<div class=\"col-sm-4\">\n<h3>EMPILER<\/h3>\n<p>Essayez d\u2019empiler Premium 100% Whey Protein Plus avec vos suppl\u00e9ments de BCAA et de pr\u00e9-entra\u00eenement pr\u00e9f\u00e9r\u00e9s.\u00a0AMINO BUILD\u00a0<sup>\u00ae<\/sup>\u00a0NEXT GEN ENERGIZED et VAPORX5 NEXT GEN sont deux compl\u00e9ments parfaits \u00e0 empiler avec Premium 100% Whey Protein Plus pour stimuler la r\u00e9cup\u00e9ration et d\u00e9velopper le muscle maigre!<\/p>\n<\/div>\n<\/div>","protected":false},"excerpt":{"rendered":"<ul>\n<li>Formule am\u00e9lior\u00e9e<\/li>\n<li>Fournit des BCAAs, de la glutamine et plus encore<\/li>\n<li>Acc\u00e9l\u00e8re la r\u00e9cup\u00e9ration musculaire apr\u00e8s l\u2019exercice<\/li>\n<\/ul>","protected":false},"featured_media":1187,"comment_status":"open","ping_status":"closed","template":"","meta":[],"product_brand":[],"product_cat":[55],"product_tag":[],"class_list":{"0":"post-1071","1":"product","2":"type-product","3":"status-publish","4":"has-post-thumbnail","6":"product_cat-developpement-musculaire","8":"first","9":"outofstock","10":"sale","11":"shipping-taxable","12":"purchasable","13":"product-type-simple"},"_links":{"self":[{"href":"https:\/\/protein.bbdigital.ca\/ar\/wp-json\/wp\/v2\/product\/1071","targetHints":{"allow":["GET"]}}],"collection":[{"href":"https:\/\/protein.bbdigital.ca\/ar\/wp-json\/wp\/v2\/product"}],"about":[{"href":"https:\/\/protein.bbdigital.ca\/ar\/wp-json\/wp\/v2\/types\/product"}],"replies":[{"embeddable":true,"href":"https:\/\/protein.bbdigital.ca\/ar\/wp-json\/wp\/v2\/comments?post=1071"}],"version-history":[{"count":1,"href":"https:\/\/protein.bbdigital.ca\/ar\/wp-json\/wp\/v2\/product\/1071\/revisions"}],"predecessor-version":[{"id":1188,"href":"https:\/\/protein.bbdigital.ca\/ar\/wp-json\/wp\/v2\/product\/1071\/revisions\/1188"}],"wp:featuredmedia":[{"embeddable":true,"href":"https:\/\/protein.bbdigital.ca\/ar\/wp-json\/wp\/v2\/media\/1187"}],"wp:attachment":[{"href":"https:\/\/protein.bbdigital.ca\/ar\/wp-json\/wp\/v2\/media?parent=1071"}],"wp:term":[{"taxonomy":"product_brand","embeddable":true,"href":"https:\/\/protein.bbdigital.ca\/ar\/wp-json\/wp\/v2\/product_brand?post=1071"},{"taxonomy":"product_cat","embeddable":true,"href":"https:\/\/protein.bbdigital.ca\/ar\/wp-json\/wp\/v2\/product_cat?post=1071"},{"taxonomy":"product_tag","embeddable":true,"href":"https:\/\/protein.bbdigital.ca\/ar\/wp-json\/wp\/v2\/product_tag?post=1071"}],"curies":[{"name":"wp","href":"https:\/\/api.w.org\/{rel}","templated":true}]}}