{"id":815,"date":"2023-07-08T15:29:54","date_gmt":"2023-07-08T13:29:54","guid":{"rendered":"https:\/\/protein.bbdigital.ca\/?post_type=product&#038;p=815"},"modified":"2023-07-15T15:57:53","modified_gmt":"2023-07-15T13:57:53","slug":"instant-mass-heavyweight-2-kg-reflex-nutrition","status":"publish","type":"product","link":"https:\/\/protein.bbdigital.ca\/ar\/product\/instant-mass-heavyweight-2-kg-reflex-nutrition\/","title":{"rendered":"INSTANT MASS HEAVYWEIGHT 2 KG \u2013 REFLEX NUTRITION"},"content":{"rendered":"<h2>INSTANT MASS HEAVYWEIGHT DE REFLEX NUTRITION<\/h2>\n<p><strong>Instant Mass Heavyweight<\/strong>\u00a0est sans doute la meilleure formule de Gainer jamais \u00e9labor\u00e9e par Reflex Nutrition pour ceux qui prennent difficilement du poids et pour les bodybuilders \u00e0 la recherche d\u2019une excellente source d\u2019hydrates de carbone complexe et de prot\u00e9ines d\u2019une qualit\u00e9 nutritionnelle irr\u00e9prochable.<\/p>\n<p>Compos\u00e9 par Reflex pour d\u00e9passer nos concurrents afin de mieux servir vos objectifs,\u00a0<strong>Instant Mass Heavyweight<\/strong>\u00a0repr\u00e9sente la plus haute qualit\u00e9 en nutriments denses en calories qu\u2019un gainer puisse vous offrir.<\/p>\n<h3>ZOOM SUR LES POINTS FORTS DU\u00a0INSTANT MASS HEAVYWEIGHT DE REFLEX NUTRITION<\/h3>\n<ul>\n<li>1 160 calories par portion, le weight gainer le plus calorique chez Reflex Nutrition<\/li>\n<\/ul>\n<ul>\n<li>Contient un m\u00e9lange de prot\u00e9ines Quattro\u00ae fournissant 60 g de prot\u00e9ines par portion<\/li>\n<\/ul>\n<ul>\n<li>Inclut un unique complexe de glucides CarboBiotics\u2122 sans sucres ajout\u00e9s<\/li>\n<\/ul>\n<ul>\n<li>Enrichi de cr\u00e9atine Creapure, de zinc, de magn\u00e9sium et de vitamine D<\/li>\n<\/ul>\n<div class=\"product-information\">\n<div class=\"tab-content\">\n<div id=\"product-description-tab-content\" class=\"product-description-tab-content tab-pane active\">\n<div class=\"rte\">\n<h4>INSTANT MASS\u00ae HEAVYWEIGHT<\/h4>\n<p>La formule gain de poids la plus r\u00e9cente et plus calorique chez Reflex Nutrition con\u00e7ue sp\u00e9cifiquement pour ceux qui ont des difficult\u00e9s \u00e0 prendre du poids et pour tous les athl\u00e8tes qui veulent une source de prot\u00e9ines et de glucides complexes de tr\u00e8s haute qualit\u00e9.<\/p>\n<p><strong>Instant Mass Heavyweight<\/strong>\u00a0livre dans 5 domaines cl\u00e9s l\u00e0 o\u00f9 les autres formules gain de poids n\u2019y arrivent tout simplement pas.<\/p>\n<p><strong>Le complexe de prot\u00e9ines Heavyweight Quattro\u00ae de haute valeur biologique fournit un massif 60 grammes de prot\u00e9ines.<\/strong><\/p>\n<p>Sans doute le meilleur et plus sophistiqu\u00e9 m\u00e9lange de prot\u00e9ines dans une formule gain de poids que vous ne trouverez dans aucun autre produit. Quattro\u00ae est exclusif \u00e0 Reflex Nutrition. Il se compose de trois diff\u00e9rents types de prot\u00e9ines de lactos\u00e9rum, combin\u00e9 avec de la cas\u00e9ine micellaire pure non d\u00e9natur\u00e9e. Quatre des meilleures !<\/p>\n<p><strong>Qu\u2019est-ce que le complexe de prot\u00e9ines Quattro\u00ae?<\/strong><\/p>\n<p>Pour d\u00e9clencher une nouvelle croissance musculaire, vous devez vous entra\u00eener dur et consommer les sources de prot\u00e9ines de la meilleure qualit\u00e9 qui soit. Le complexe de prot\u00e9ines Quattro\u00ae est l\u2019une des meilleures combinaisons de prot\u00e9ines que la science a \u00e0 offrir : des formes sp\u00e9cifiques de prot\u00e9ines de lactos\u00e9rum et de cas\u00e9ine micellaire.<\/p>\n<p>Cependant, nous n\u2019utilisons pas n\u2019importe quel type de prot\u00e9ines de lactos\u00e9rum pour\u00a0<strong>Heavyweight<\/strong>, tout d\u2019abord nous utilisons deux diff\u00e9rentes prot\u00e9ines de lactos\u00e9rum hydrolys\u00e9 (pr\u00e9dig\u00e9r\u00e9); l\u2019une a un haut DH (degr\u00e9 d\u2019hydrolyse signifiant combien elle a \u00e9t\u00e9 pr\u00e9alablement dig\u00e9r\u00e9e) que le corps humain peut absorber presque instantan\u00e9ment, la seconde a un DH bas fournissant au corps humain une seconde salve de peptides de lactos\u00e9rum.<\/p>\n<p>Troisi\u00e8mement, nous utilisons un concentr\u00e9 de prot\u00e9ines de lactos\u00e9rum pr\u00e9f\u00e9rentiellement choisi en combinaison avec un isolat de prot\u00e9ine de lactos\u00e9rum natif unique qui est choisi pour son haut niveau de fractions bio actives et son contenu sup\u00e9rieur en acides amin\u00e9s branch\u00e9s (BCAAs).<\/p>\n<p>Quatri\u00e8mement, nous ajoutons de la pure cas\u00e9ine micellaire ultra filtr\u00e9e qui est dig\u00e9r\u00e9e sur une plus longue p\u00e9riode de temps nourrissant votre corps avec des acides amin\u00e9s essentiels jusqu\u2019\u00e0 4 heures, fournissant une excellente activit\u00e9 anti catabolique.<\/p>\n<p><strong>Complexe de glucides Carbiotics\u2122 dans Heavyweight, sans sucres ajout\u00e9s.<\/strong><\/p>\n<p>De nombreuses formules gain de poids contiennent aujourd\u2019hui beaucoup de calories vides provenant de sucres simples comme le fructose et le dextrose.\u00a0<strong>Heavyweight<\/strong>\u00a0est diff\u00e9rent. C\u2019est l\u2019un des meilleurs \u201cweight gainers\u201d contenant un m\u00e9lange unique des meilleures avoines, maltodextrine et tr\u00e9halose; il fournit une source importante de carburant pour votre corps qui est d\u00e9pourvue de sirop de ma\u00efs, de fructose et de sucres simples.<\/p>\n<p><strong>Heavyweight, association de muscle et de force<\/strong><\/p>\n<p>Gagner de la masse musculaire n\u2019est pas facile, et peu d\u2019entreprises comprennent l\u2019importance des micro nutriments et le r\u00f4le cl\u00e9 qu\u2019ils jouent dans la stimulation des gains massifs. Ainsi Heavyweight contient une association de cr\u00e9atine Creapure connue pour \u00eatre la plus pure au monde, avec du zinc, du magn\u00e9sium et de la vitamine D.<\/p>\n<p><strong>Impressionnante saveur et miscibilit\u00e9, et facilit\u00e9 d\u2019utilisation de Heavyweight<\/strong><\/p>\n<p>Instant Mass Heavyweight a un go\u00fbt incroyable, c\u2019est un shake qui se m\u00e9lange tr\u00e8s facilement dans un shaker et a un go\u00fbt d\u00e9licieux. Utilisez cet incroyable \u201cweight gainer\u201d entre les repas et apr\u00e8s l\u2019entra\u00eenement.<\/p>\n<p><strong>Conditionnement :<\/strong>\u00a0Zip-Bag de 5400g.<\/p>\n<p><strong>Conseils d\u2019utilisation :<\/strong>\u00a0Pour une dose compl\u00e8te, m\u00e9langez 300 g (2 dosettes) avec 70 cl d\u2019eau dans un shaker, m\u00e9langer jusqu\u2019\u00e0 obtenir une consistance lisse.<\/p>\n<table class=\"ingredients\">\n<tbody>\n<tr>\n<th colspan=\"4\">PROFIL NUTRITIONNEL<\/th>\n<\/tr>\n<tr>\n<th><\/th>\n<th>100G<\/th>\n<th>AJR<\/th>\n<th>300G<\/th>\n<\/tr>\n<tr>\n<td>Energie (KJ)<\/td>\n<td>1640<\/td>\n<td><\/td>\n<td>4921<\/td>\n<\/tr>\n<tr>\n<td>Energie (kcal)<\/td>\n<td>387<\/td>\n<td><\/td>\n<td>1160<\/td>\n<\/tr>\n<tr>\n<td>Prot\u00e9ine<\/td>\n<td>20g<\/td>\n<td><\/td>\n<td>60g<\/td>\n<\/tr>\n<tr>\n<td>Hydrates de carbone<\/td>\n<td>73g<\/td>\n<td><\/td>\n<td>219g<\/td>\n<\/tr>\n<tr>\n<td>Sucres<\/td>\n<td>1.1g<\/td>\n<td><\/td>\n<td>3.3g<\/td>\n<\/tr>\n<tr>\n<td>Graisses<\/td>\n<td>1.6g<\/td>\n<td><\/td>\n<td>4.8g<\/td>\n<\/tr>\n<tr>\n<td>Graisses Satur\u00e9es<\/td>\n<td>0.6g<\/td>\n<td><\/td>\n<td>1.8g<\/td>\n<\/tr>\n<tr>\n<td>Graisses poly insatur\u00e9es<\/td>\n<td>0.6g<\/td>\n<td><\/td>\n<td>1.7g<\/td>\n<\/tr>\n<tr>\n<td>Graisses mono insatur\u00e9es<\/td>\n<td>0.4g<\/td>\n<td><\/td>\n<td>1.1g<\/td>\n<\/tr>\n<tr>\n<td>Fibres<\/td>\n<td>traces<\/td>\n<td><\/td>\n<td>traces<\/td>\n<\/tr>\n<tr>\n<td>Sodium<\/td>\n<td>0.23g<\/td>\n<td>*<\/td>\n<td>0.69g<\/td>\n<\/tr>\n<tr>\n<td>Vitamine A<\/td>\n<td>133.3\u03bcg<\/td>\n<td>50<\/td>\n<td>400\u03bcg<\/td>\n<\/tr>\n<tr>\n<td>Tocotri\u00e9nols (DeltaGold\u00ae)<\/td>\n<td>2.5mg<\/td>\n<td>*<\/td>\n<td>7.5mg<\/td>\n<\/tr>\n<tr>\n<td>Vitamine B6<\/td>\n<td>0.5mg<\/td>\n<td>114<\/td>\n<td>1.6mg<\/td>\n<\/tr>\n<tr>\n<td>Vitamine C<\/td>\n<td>33.3mg<\/td>\n<td>125<\/td>\n<td>100mg<\/td>\n<\/tr>\n<tr>\n<td>Thiamine<\/td>\n<td>0.53mg<\/td>\n<td>145<\/td>\n<td>1.6mg<\/td>\n<\/tr>\n<tr>\n<td>Riboflavine<\/td>\n<td>0.53mg<\/td>\n<td>114<\/td>\n<td>1.6mg<\/td>\n<\/tr>\n<tr>\n<td>Niacine<\/td>\n<td>3mg<\/td>\n<td>56<\/td>\n<td>9mg<\/td>\n<\/tr>\n<tr>\n<td>Vitamine D<\/td>\n<td>32.5\u03bcg<\/td>\n<td>150<\/td>\n<td>7.5\u03bcg<\/td>\n<\/tr>\n<tr>\n<td>Acide folique<\/td>\n<td>33.3\u03bcg<\/td>\n<td>50<\/td>\n<td>100\u03bcg<\/td>\n<\/tr>\n<tr>\n<td>Vitamine B12<\/td>\n<td>0.4\u03bcg<\/td>\n<td>48<\/td>\n<td>1.2\u03bcg<\/td>\n<\/tr>\n<tr>\n<td>Biotine<\/td>\n<td>26.7\u03bcg<\/td>\n<td>160<\/td>\n<td>80\u03bcg<\/td>\n<\/tr>\n<tr>\n<td>Acide pantoth\u00e9nique<\/td>\n<td>1mg<\/td>\n<td>50<\/td>\n<td>3mg<\/td>\n<\/tr>\n<tr>\n<td>Magn\u00e9sium<\/td>\n<td>50mg<\/td>\n<td>40<\/td>\n<td>150mg<\/td>\n<\/tr>\n<tr>\n<td>Fer<\/td>\n<td>0.77mg<\/td>\n<td>16<\/td>\n<td>2.3mg<\/td>\n<\/tr>\n<tr>\n<td>Cuivre<\/td>\n<td>0.27mg<\/td>\n<td>80<\/td>\n<td>0.8mg<\/td>\n<\/tr>\n<tr>\n<td>Zinc<\/td>\n<td>2.5mg<\/td>\n<td>75<\/td>\n<td>7.5mg<\/td>\n<\/tr>\n<tr>\n<td>S\u00e9l\u00e9nium<\/td>\n<td>2.7\u03bcg<\/td>\n<td>49<\/td>\n<td>9\u03bcg<\/td>\n<\/tr>\n<tr>\n<td>Chrome<\/td>\n<td>16.7\u03bcg<\/td>\n<td>125<\/td>\n<td>50\u03bcg<\/td>\n<\/tr>\n<tr>\n<td>Cr\u00e9atine monohydrate<\/td>\n<td>1000mg<\/td>\n<td><\/td>\n<td>3000mg<\/td>\n<\/tr>\n<tr>\n<td>Glutamine<\/td>\n<td>333.3mg<\/td>\n<td><\/td>\n<td>1000mg<\/td>\n<\/tr>\n<tr>\n<td>L-Choline<\/td>\n<td>33.3mg<\/td>\n<td><\/td>\n<td>100mg<\/td>\n<\/tr>\n<tr>\n<td>Piperine (Bioperine\u00ae)<\/td>\n<td>1.67mg<\/td>\n<td><\/td>\n<td>5mg<\/td>\n<\/tr>\n<tr>\n<td>LactoSpore\u00ae Bacillus Coagulan<\/td>\n<td>166,666,666 spores<\/td>\n<td>*<\/td>\n<td>500,000,000 spores<\/td>\n<\/tr>\n<\/tbody>\n<\/table>\n<p><strong>Autres ingr\u00e9dients :<\/strong>\u00a0CarboBiotics\u2122(maltodextrine, farine d\u2019avoine, tr\u00e9halose), m\u00e9lange de prot\u00e9ines (concentr\u00e9 prot\u00e9ique de lactos\u00e9rum , isolat prot\u00e9ique de lactos\u00e9rum, prot\u00e9ine de lait concentr\u00e9e, isolat de prot\u00e9ines de blanc d\u2019oeuf, prot\u00e9ines hydrolys\u00e9e de lactos\u00e9rum (degr\u00e9 d\u2019hydrolyse de 30%), lWhey Protein hydrolys\u00e9e (degr\u00e9 d\u2019hydrolyse de 4 %), peptides de glutamine (d\u00e9riv\u00e9 de prot\u00e9ine de bl\u00e9), cr\u00e9atine monohydrate Creapure\u00ae, cacao maigre en poudre (chocolat seulement), ar\u00f4mes, colorants (b\u00e9tanine (fraises seulement), L-glutamine, citrate de magn\u00e9sium, potassium Hcl (chocolat \u2013 beurre de cacahou\u00e8tes), bitartrate de choline, \u00e9dulcorant (ac\u00e9sulfame K), acide L-ascorbique, Bacillus coagulans (Lactospore \u00ae), \u00e9mulsifiant (l\u00e9cithine de soja), \u00e9dulcorant (sucralose), zinc Monom\u00e9thionine, tocotri\u00e9nols (DeltaGold \u00ae) 35 % de tocotri\u00e9nols, 84-92 % delta-tocotri\u00e9nols, 8-16 % gamma- tocotri\u00e9nols), fer bisglycinate, nicotinamide, aspartate de cuivre, s\u00e9l\u00e9nom\u00e9thionine (SeleniumSeLECT\u00ae), pip\u00e9rine (Bioperine\u00ae), r\u00e9tinol ac\u00e9tate, D-pantoth\u00e9nate de calcium, chol\u00e9calcif\u00e9rol, riboflavine, thiamine chlorhydrate, chlorhydrate de pyridoxine, b\u00eata-carot\u00e8ne (cr\u00e8me glac\u00e9e \u00e0 la vanille seulement), picolinate de chrome, acide pt\u00e9roylmonoglutamique, D-biotine, M\u00e9thylcobalamine, anti-agglom\u00e9rant (silicate de calcium).<\/p>\n<p class=\"warnings\"><strong>Avertissements :<\/strong><\/p>\n<ul class=\"circle\">\n<li>Ne pas d\u00e9passer la dose journali\u00e8re recommand\u00e9e.<\/li>\n<li>Ce produit est un compl\u00e9ment alimentaire qui ne peut remplacer un repas. Veuillez utiliser ce produit dans le cadre d\u2019un r\u00e9gime alimentaire \u00e9quilibr\u00e9 et d\u2019un mode de vie sain.<\/li>\n<li>Veuillez consulter un m\u00e9decin avant utilisation, surtout si vous avez des probl\u00e8mes de sant\u00e9 ou si vous \u00eates sous traitement m\u00e9dical. Ne pas utiliser si vous \u00eates enceinte ou si vous allaitez. Gardez hors de la port\u00e9e des enfants.<\/li>\n<li>Produit fabriqu\u00e9 dans une usine qui traite des prot\u00e9ines de lait, de soja et d\u2019\u0153ufs, du gluten, et des cacahu\u00e8tes.<\/li>\n<\/ul>\n<\/div>\n<\/div>\n<\/div>\n<\/div>","protected":false},"excerpt":{"rendered":"<h2>INSTANT MASS HEAVYWEIGHT DE REFLEX NUTRITION<\/h2>\n<p><strong>Instant Mass Heavyweight<\/strong>\u00a0est sans doute la meilleure formule de Gainer jamais \u00e9labor\u00e9e par Reflex Nutrition pour ceux qui prennent difficilement du poids et pour les bodybuilders \u00e0 la recherche d\u2019une excellente source d\u2019hydrates de carbone complexe et de prot\u00e9ines d\u2019une qualit\u00e9 nutritionnelle irr\u00e9prochable.<\/p>\n<p>Compos\u00e9 par Reflex pour d\u00e9passer nos concurrents afin de mieux servir vos objectifs,\u00a0<strong>Instant Mass Heavyweight<\/strong>\u00a0repr\u00e9sente la plus haute qualit\u00e9 en nutriments denses en calories qu\u2019un gainer puisse vous offrir.<\/p>","protected":false},"featured_media":943,"comment_status":"open","ping_status":"closed","template":"","meta":[],"product_brand":[],"product_cat":[23],"product_tag":[],"class_list":{"0":"post-815","1":"product","2":"type-product","3":"status-publish","4":"has-post-thumbnail","6":"product_cat-prise-de-masse","8":"first","9":"instock","10":"shipping-taxable","11":"purchasable","12":"product-type-variable"},"_links":{"self":[{"href":"https:\/\/protein.bbdigital.ca\/ar\/wp-json\/wp\/v2\/product\/815","targetHints":{"allow":["GET"]}}],"collection":[{"href":"https:\/\/protein.bbdigital.ca\/ar\/wp-json\/wp\/v2\/product"}],"about":[{"href":"https:\/\/protein.bbdigital.ca\/ar\/wp-json\/wp\/v2\/types\/product"}],"replies":[{"embeddable":true,"href":"https:\/\/protein.bbdigital.ca\/ar\/wp-json\/wp\/v2\/comments?post=815"}],"version-history":[{"count":0,"href":"https:\/\/protein.bbdigital.ca\/ar\/wp-json\/wp\/v2\/product\/815\/revisions"}],"wp:featuredmedia":[{"embeddable":true,"href":"https:\/\/protein.bbdigital.ca\/ar\/wp-json\/wp\/v2\/media\/943"}],"wp:attachment":[{"href":"https:\/\/protein.bbdigital.ca\/ar\/wp-json\/wp\/v2\/media?parent=815"}],"wp:term":[{"taxonomy":"product_brand","embeddable":true,"href":"https:\/\/protein.bbdigital.ca\/ar\/wp-json\/wp\/v2\/product_brand?post=815"},{"taxonomy":"product_cat","embeddable":true,"href":"https:\/\/protein.bbdigital.ca\/ar\/wp-json\/wp\/v2\/product_cat?post=815"},{"taxonomy":"product_tag","embeddable":true,"href":"https:\/\/protein.bbdigital.ca\/ar\/wp-json\/wp\/v2\/product_tag?post=815"}],"curies":[{"name":"wp","href":"https:\/\/api.w.org\/{rel}","templated":true}]}}